{"id":113,"date":"2017-05-25T21:52:35","date_gmt":"2017-05-25T21:52:35","guid":{"rendered":"http:\/\/apa-smm.esy.es\/?page_id=113"},"modified":"2022-09-29T20:19:29","modified_gmt":"2022-09-29T18:19:29","slug":"enlaces","status":"publish","type":"page","link":"https:\/\/apasantamariadelmar.org\/ApaSMM\/enlaces\/","title":{"rendered":"Enlaces"},"content":{"rendered":"<ul style=\"list-style-type: disc;\">\n<li style=\"list-style-type: none;\">\n<ul style=\"list-style-type: disc;\">\n<li><a href=\"http:\/\/www.santamariadelmar.es\" target=\"_blank\" rel=\"noopener noreferrer\">Colegio Santa Mar\u00eda del Mar<\/a><\/li>\n<li><span class=\"s2\"><a href=\"https:\/\/fapacoruna.com\/\" target=\"_blank\" rel=\"noopener noreferrer\">FAPA - Coru\u00f1a<\/a><\/span><span class=\"s3\"> (Federaci\u00f3n Provincial de Asociaciones de Padres Alumnos Colegios Privados y Concertados A Coru\u00f1a)<\/span><\/li>\n<li><a href=\"http:\/\/www.concapa.org\" target=\"_blank\" rel=\"noopener noreferrer\">CONCAPA<\/a><span class=\"s3\">\u00a0(Confederaci\u00f3n Cat\u00f3lica Nacional de Padres de Familia y Padres de Alumnos)<\/span><\/li>\n<li><a href=\"https:\/\/www.edu.xunta.gal\/portal\" target=\"_blank\" rel=\"noopener\">Conseller\u00eda de Cultura, Educaci\u00f3n e Universidade<\/a><\/li>\n<li><a href=\"http:\/\/www.educacionyfp.gob.es\/portada.html\" target=\"_blank\" rel=\"noopener noreferrer\">Ministerio de Educaci\u00f3n y Formaci\u00f3n Profesional<\/a><\/li>\n<\/ul>\n<\/li>\n<\/ul>\n<ul style=\"list-style-type: disc;\">\n<li style=\"list-style-type: none;\"><\/li>\n<\/ul>\n","protected":false},"excerpt":{"rendered":"<p>Colegio Santa Mar\u00eda del Mar FAPA - Coru\u00f1a (Federaci\u00f3n Provincial de Asociaciones de Padres Alumnos Colegios Privados y Concertados A Coru\u00f1a) CONCAPA\u00a0(Confederaci\u00f3n Cat\u00f3lica Nacional de Padres de Familia y Padres de Alumnos) Conseller\u00eda de Cultura, Educaci\u00f3n e Universidade Ministerio de Educaci\u00f3n y Formaci\u00f3n Profesional<\/p>\n","protected":false},"author":1,"featured_media":0,"parent":0,"menu_order":0,"comment_status":"closed","ping_status":"closed","template":"","meta":{"jetpack_post_was_ever_published":false,"footnotes":""},"class_list":["post-113","page","type-page","status-publish","h-entry","hentry","h-as-page"],"jetpack_sharing_enabled":true,"post_mailing_queue_ids":[],"_links":{"self":[{"href":"https:\/\/apasantamariadelmar.org\/ApaSMM\/wp-json\/wp\/v2\/pages\/113","targetHints":{"allow":["GET"]}}],"collection":[{"href":"https:\/\/apasantamariadelmar.org\/ApaSMM\/wp-json\/wp\/v2\/pages"}],"about":[{"href":"https:\/\/apasantamariadelmar.org\/ApaSMM\/wp-json\/wp\/v2\/types\/page"}],"author":[{"embeddable":true,"href":"https:\/\/apasantamariadelmar.org\/ApaSMM\/wp-json\/wp\/v2\/users\/1"}],"replies":[{"embeddable":true,"href":"https:\/\/apasantamariadelmar.org\/ApaSMM\/wp-json\/wp\/v2\/comments?post=113"}],"version-history":[{"count":20,"href":"https:\/\/apasantamariadelmar.org\/ApaSMM\/wp-json\/wp\/v2\/pages\/113\/revisions"}],"predecessor-version":[{"id":1726,"href":"https:\/\/apasantamariadelmar.org\/ApaSMM\/wp-json\/wp\/v2\/pages\/113\/revisions\/1726"}],"wp:attachment":[{"href":"https:\/\/apasantamariadelmar.org\/ApaSMM\/wp-json\/wp\/v2\/media?parent=113"}],"curies":[{"name":"wp","href":"https:\/\/api.w.org\/{rel}","templated":true}]}}