{"id":116,"date":"2017-05-25T21:55:27","date_gmt":"2017-05-25T21:55:27","guid":{"rendered":"http:\/\/apa-smm.esy.es\/?page_id=116"},"modified":"2024-10-01T13:32:04","modified_gmt":"2024-10-01T11:32:04","slug":"documentacion-de-interes","status":"publish","type":"page","link":"https:\/\/apasantamariadelmar.org\/ApaSMM\/documentacion-de-interes\/","title":{"rendered":"Documentaci\u00f3n de inter\u00e9s"},"content":{"rendered":"<p><a href=\"https:\/\/apasantamariadelmar.org\/ApaSMM\/wp-content\/uploads\/2324_estatutosapa.pdf\" target=\"_blank\" rel=\"noopener noreferrer\">Estatutos del APA de Santa Mar\u00eda del Mar<\/a><\/p>\n<p><a href=\"https:\/\/apasantamariadelmar.org\/ApaSMM\/wp-content\/uploads\/2324_polizaseguro.pdf\" target=\"_blank\" rel=\"noopener noreferrer\">P\u00f3liza del seguro de continuidad de estudios del APA<\/a><\/p>\n<p><a href=\"https:\/\/apasantamariadelmar.org\/ApaSMM\/wp-content\/uploads\/2425_tripticoinformativo.pdf\" target=\"_blank\" rel=\"noopener\">Tr\u00edptico informativo del APA<\/a><\/p>\n<p><a href=\"https:\/\/apasantamariadelmar.org\/ApaSMM\/wp-content\/uploads\/2425_formularioinscripcion.pdf\" target=\"_blank\" rel=\"noopener\">Formulario de inscripci\u00f3n al APA<\/a><\/p>\n<p><a href=\"https:\/\/apasantamariadelmar.org\/ApaSMM\/wp-content\/uploads\/Documentos\/Plano-para-Padres-Bloqueo.pdf\" target=\"_blank\" rel=\"noopener noreferrer\">Accesos al colegio<\/a><\/p>\n\n","protected":false},"excerpt":{"rendered":"<p>Estatutos del APA de Santa Mar\u00eda del Mar P\u00f3liza del seguro de continuidad de estudios del APA Tr\u00edptico informativo del APA Formulario de inscripci\u00f3n al APA Accesos al colegio<\/p>\n","protected":false},"author":1,"featured_media":0,"parent":0,"menu_order":0,"comment_status":"closed","ping_status":"closed","template":"","meta":{"jetpack_post_was_ever_published":false,"footnotes":""},"class_list":["post-116","page","type-page","status-publish","h-entry","hentry","h-as-page"],"jetpack_sharing_enabled":true,"post_mailing_queue_ids":[],"_links":{"self":[{"href":"https:\/\/apasantamariadelmar.org\/ApaSMM\/wp-json\/wp\/v2\/pages\/116","targetHints":{"allow":["GET"]}}],"collection":[{"href":"https:\/\/apasantamariadelmar.org\/ApaSMM\/wp-json\/wp\/v2\/pages"}],"about":[{"href":"https:\/\/apasantamariadelmar.org\/ApaSMM\/wp-json\/wp\/v2\/types\/page"}],"author":[{"embeddable":true,"href":"https:\/\/apasantamariadelmar.org\/ApaSMM\/wp-json\/wp\/v2\/users\/1"}],"replies":[{"embeddable":true,"href":"https:\/\/apasantamariadelmar.org\/ApaSMM\/wp-json\/wp\/v2\/comments?post=116"}],"version-history":[{"count":27,"href":"https:\/\/apasantamariadelmar.org\/ApaSMM\/wp-json\/wp\/v2\/pages\/116\/revisions"}],"predecessor-version":[{"id":1949,"href":"https:\/\/apasantamariadelmar.org\/ApaSMM\/wp-json\/wp\/v2\/pages\/116\/revisions\/1949"}],"wp:attachment":[{"href":"https:\/\/apasantamariadelmar.org\/ApaSMM\/wp-json\/wp\/v2\/media?parent=116"}],"curies":[{"name":"wp","href":"https:\/\/api.w.org\/{rel}","templated":true}]}}