{"id":1505,"date":"2021-10-29T09:32:12","date_gmt":"2021-10-29T07:32:12","guid":{"rendered":"https:\/\/apasantamariadelmar.org\/ApaSMM\/?page_id=1505"},"modified":"2022-10-21T11:17:17","modified_gmt":"2022-10-21T09:17:17","slug":"empresas-colaboradoras","status":"publish","type":"page","link":"https:\/\/apasantamariadelmar.org\/ApaSMM\/empresas-colaboradoras\/","title":{"rendered":"Empresas colaboradoras"},"content":{"rendered":"\n<p style=\"text-align: justify;\">Desde el APA del Colegio Santa Mar\u00eda del Mar estamos trabajando para establecer acuerdos con diferentes empresas para que todas las familias asociadas al APA puedan, si as\u00ed lo desean, beneficiarse de ventajas al contratar sus servicios. Para adherirse a una oferta solo hay que mostrar el justificante del pago de la cuota del APA. Si no tienes el recibo, ponte en contacto con nosotros a trav\u00e9s del siguiente correo electr\u00f3nico: <a href=\"mailto:tesoreria@apasantamariadelmar.org\">tesoreria@apasantamariadelmar.org<\/a>.<\/p>\n<p style=\"text-align: justify;\">En este momento, contamos con los siguientes acuerdos:<\/p>\n<table style=\"border-collapse: collapse; width: 100%; height: 1031px;\">\n<tbody>\n<tr style=\"height: 320px;\">\n<td style=\"width: 50%; text-align: center; vertical-align: top; height: 320px;\">\n<p><a href=\"https:\/\/apasantamariadelmar.org\/ApaSMM\/wp-content\/uploads\/EmpresasColaboradoras\/PrestoVivace.pdf\" target=\"_blank\" rel=\"noopener\">Presto Vivace<\/a><\/p>\n<p><a href=\"http:\/\/www.prestovivace.es\/\" rel=\"noopener\"><img loading=\"lazy\" decoding=\"async\" class=\"aligncenter wp-image-1525 size-medium\" src=\"https:\/\/apasantamariadelmar.org\/ApaSMM\/wp-content\/uploads\/EmpresasColaboradoras\/PrestoVivace-300x212.png\" alt=\"\" width=\"300\" height=\"212\" srcset=\"https:\/\/apasantamariadelmar.org\/ApaSMM\/wp-content\/uploads\/EmpresasColaboradoras\/PrestoVivace-300x212.png 300w, https:\/\/apasantamariadelmar.org\/ApaSMM\/wp-content\/uploads\/EmpresasColaboradoras\/PrestoVivace-1024x724.png 1024w, https:\/\/apasantamariadelmar.org\/ApaSMM\/wp-content\/uploads\/EmpresasColaboradoras\/PrestoVivace-768x543.png 768w, https:\/\/apasantamariadelmar.org\/ApaSMM\/wp-content\/uploads\/EmpresasColaboradoras\/PrestoVivace-1536x1086.png 1536w, https:\/\/apasantamariadelmar.org\/ApaSMM\/wp-content\/uploads\/EmpresasColaboradoras\/PrestoVivace-2048x1448.png 2048w, https:\/\/apasantamariadelmar.org\/ApaSMM\/wp-content\/uploads\/EmpresasColaboradoras\/PrestoVivace-960x679.png 960w\" sizes=\"auto, (max-width: 300px) 100vw, 300px\" \/><\/a><\/p>\n<\/td>\n<td style=\"width: 50%; text-align: center; vertical-align: top; height: 320px;\">\n<p><a href=\"https:\/\/apasantamariadelmar.org\/ApaSMM\/wp-content\/uploads\/EmpresasColaboradoras\/PuzzleAcademia.pdf\" target=\"_blank\" rel=\"noopener\">Puzzle Academia<\/a><\/p>\n<p><a href=\"https:\/\/academiapuzzle.eu\/\" rel=\"noopener\"><img loading=\"lazy\" decoding=\"async\" class=\"aligncenter wp-image-1570 size-medium\" src=\"https:\/\/apasantamariadelmar.org\/ApaSMM\/wp-content\/uploads\/PuzzleAcademia-300x142.jpg\" alt=\"\" width=\"300\" height=\"142\" srcset=\"https:\/\/apasantamariadelmar.org\/ApaSMM\/wp-content\/uploads\/PuzzleAcademia-300x142.jpg 300w, https:\/\/apasantamariadelmar.org\/ApaSMM\/wp-content\/uploads\/PuzzleAcademia-1024x486.jpg 1024w, https:\/\/apasantamariadelmar.org\/ApaSMM\/wp-content\/uploads\/PuzzleAcademia-768x364.jpg 768w, https:\/\/apasantamariadelmar.org\/ApaSMM\/wp-content\/uploads\/PuzzleAcademia-1536x729.jpg 1536w, https:\/\/apasantamariadelmar.org\/ApaSMM\/wp-content\/uploads\/PuzzleAcademia-960x455.jpg 960w, https:\/\/apasantamariadelmar.org\/ApaSMM\/wp-content\/uploads\/PuzzleAcademia.jpg 1933w\" sizes=\"auto, (max-width: 300px) 100vw, 300px\" \/><\/a><\/p>\n<\/td>\n<\/tr>\n<tr style=\"height: 267px;\">\n<td style=\"text-align: center; vertical-align: top; width: 50%; height: 267px;\">\n<p><a href=\"https:\/\/apasantamariadelmar.org\/ApaSMM\/wp-content\/uploads\/EmpresasColaboradoras\/Xogos-da-Amizade.pdf\" target=\"_blank\" rel=\"noopener\">Xogos da Amizade<\/a><\/p>\n<p><a href=\"https:\/\/xogosdaamizade.es\/\" rel=\"noopener\"><img loading=\"lazy\" decoding=\"async\" class=\"aligncenter wp-image-1596 size-medium\" src=\"https:\/\/apasantamariadelmar.org\/ApaSMM\/wp-content\/uploads\/EmpresasColaboradoras\/XogosDaAmizade-300x159.jpg\" alt=\"\" width=\"300\" height=\"159\" srcset=\"https:\/\/apasantamariadelmar.org\/ApaSMM\/wp-content\/uploads\/EmpresasColaboradoras\/XogosDaAmizade-300x159.jpg 300w, https:\/\/apasantamariadelmar.org\/ApaSMM\/wp-content\/uploads\/EmpresasColaboradoras\/XogosDaAmizade.jpg 512w\" sizes=\"auto, (max-width: 300px) 100vw, 300px\" \/><\/a><\/p>\n<\/td>\n<td style=\"text-align: center; vertical-align: top; width: 50%; height: 267px;\">\n<p><a href=\"https:\/\/apasantamariadelmar.org\/ApaSMM\/wp-content\/uploads\/EmpresasColaboradoras\/KidsUs.pdf\" target=\"_blank\" rel=\"noopener\">Kids &amp; Us<\/a><\/p>\n<p><a href=\"https:\/\/lacorunacuatrocaminos.kidsandus.es\/\" rel=\"noopener\"><img loading=\"lazy\" decoding=\"async\" class=\"aligncenter wp-image-1611 size-medium\" src=\"https:\/\/apasantamariadelmar.org\/ApaSMM\/wp-content\/uploads\/EmpresasColaboradoras\/KidsUs-300x98.jpeg\" alt=\"\" width=\"300\" height=\"98\" srcset=\"https:\/\/apasantamariadelmar.org\/ApaSMM\/wp-content\/uploads\/EmpresasColaboradoras\/KidsUs-300x98.jpeg 300w, https:\/\/apasantamariadelmar.org\/ApaSMM\/wp-content\/uploads\/EmpresasColaboradoras\/KidsUs.jpeg 413w\" sizes=\"auto, (max-width: 300px) 100vw, 300px\" \/><\/a><\/p>\n<p>\u00a0<\/p>\n<\/td>\n<\/tr>\n<tr style=\"height: 252px;\">\n<td style=\"text-align: center; vertical-align: top; width: 50%; height: 252px;\">\n<p><a href=\"https:\/\/apasantamariadelmar.org\/ApaSMM\/wp-content\/uploads\/EmpresasColaboradoras\/4CCentroOptico.pdf\" target=\"_blank\" rel=\"noopener\">4C Centro \u00d3ptico<\/a><\/p>\n<p><a href=\"https:\/\/es-es.facebook.com\/Optica4c\/\" rel=\"noopener\"><img loading=\"lazy\" decoding=\"async\" class=\"aligncenter wp-image-1623 size-medium\" src=\"https:\/\/apasantamariadelmar.org\/ApaSMM\/wp-content\/uploads\/EmpresasColaboradoras\/4CCentroOptico-300x144.jpg\" alt=\"\" width=\"300\" height=\"144\" \/><\/a><\/p>\n<\/td>\n<td style=\"text-align: center; vertical-align: top; width: 50%; height: 252px;\">\n<p><a href=\"https:\/\/apasantamariadelmar.org\/ApaSMM\/wp-content\/uploads\/EmpresasColaboradoras\/MarDeLetras.pdf\" target=\"_blank\" rel=\"noopener\">Mar de Letras<\/a><\/p>\n<p>\u00a0<\/p>\n<p><a href=\"https:\/\/lamardeletras.com\/\" rel=\"noopener\"><img loading=\"lazy\" decoding=\"async\" class=\"aligncenter wp-image-1622 size-medium\" src=\"https:\/\/apasantamariadelmar.org\/ApaSMM\/wp-content\/uploads\/EmpresasColaboradoras\/MarDeLetras-300x70.jpg\" alt=\"\" width=\"300\" height=\"70\" \/><\/a><\/p>\n<\/td>\n<\/tr>\n<tr style=\"height: 192px;\">\n<td style=\"text-align: center; vertical-align: top; width: 50%; height: 192px;\">\n<p><a href=\"https:\/\/apasantamariadelmar.org\/ApaSMM\/wp-content\/uploads\/EmpresasColaboradoras\/InnovaEnglishSchool.pdf\" target=\"_blank\" rel=\"noopener\">Innova English School<\/a><a href=\"http:\/\/www.innovaenglishschool.com\"><img loading=\"lazy\" decoding=\"async\" class=\"aligncenter wp-image-1705 size-medium\" src=\"https:\/\/apasantamariadelmar.org\/ApaSMM\/wp-content\/uploads\/EmpresasColaboradoras\/InnovaEnglishSchool-300x240.jpeg\" alt=\"\" width=\"300\" height=\"240\" srcset=\"https:\/\/apasantamariadelmar.org\/ApaSMM\/wp-content\/uploads\/EmpresasColaboradoras\/InnovaEnglishSchool-300x240.jpeg 300w, https:\/\/apasantamariadelmar.org\/ApaSMM\/wp-content\/uploads\/EmpresasColaboradoras\/InnovaEnglishSchool-768x614.jpeg 768w, https:\/\/apasantamariadelmar.org\/ApaSMM\/wp-content\/uploads\/EmpresasColaboradoras\/InnovaEnglishSchool-960x768.jpeg 960w, https:\/\/apasantamariadelmar.org\/ApaSMM\/wp-content\/uploads\/EmpresasColaboradoras\/InnovaEnglishSchool.jpeg 1024w\" sizes=\"auto, (max-width: 300px) 100vw, 300px\" \/><\/a><\/p>\n<\/td>\n<td style=\"text-align: center; vertical-align: top; width: 50%; height: 192px;\">\n<p><a href=\"https:\/\/apasantamariadelmar.org\/ApaSMM\/wp-content\/uploads\/EmpresasColaboradoras\/Carlin4Caminos.pdf\" target=\"_blank\" rel=\"noopener\">Carlin 4 Caminos<\/a><\/p>\n<p><a href=\"https:\/\/carlin4caminos.es\/\" rel=\"noopener\"><img loading=\"lazy\" decoding=\"async\" class=\"aligncenter wp-image-1631 size-medium\" src=\"https:\/\/apasantamariadelmar.org\/ApaSMM\/wp-content\/uploads\/EmpresasColaboradoras\/Carlin4Caminos-300x113.jpg\" alt=\"\" width=\"300\" height=\"113\" srcset=\"https:\/\/apasantamariadelmar.org\/ApaSMM\/wp-content\/uploads\/EmpresasColaboradoras\/Carlin4Caminos-300x113.jpg 300w, https:\/\/apasantamariadelmar.org\/ApaSMM\/wp-content\/uploads\/EmpresasColaboradoras\/Carlin4Caminos-768x290.jpg 768w, https:\/\/apasantamariadelmar.org\/ApaSMM\/wp-content\/uploads\/EmpresasColaboradoras\/Carlin4Caminos-960x363.jpg 960w, https:\/\/apasantamariadelmar.org\/ApaSMM\/wp-content\/uploads\/EmpresasColaboradoras\/Carlin4Caminos.jpg 1024w\" sizes=\"auto, (max-width: 300px) 100vw, 300px\" \/><\/a><\/p>\n<\/td>\n<\/tr>\n<tr>\n<td style=\"text-align: center; vertical-align: top; width: 50%;\"><a href=\"https:\/\/apasantamariadelmar.org\/ApaSMM\/wp-content\/uploads\/EmpresasColaboradoras\/TalleresPuzzle.pdf\" target=\"_blank\" rel=\"noopener\">Talleres Puzzle<\/a><br \/>\n<p><a href=\"https:\/\/m.facebook.com\/tallerespuzzle\" rel=\"noopener\"><img loading=\"lazy\" decoding=\"async\" class=\"aligncenter wp-image-1690 size-full\" src=\"https:\/\/apasantamariadelmar.org\/ApaSMM\/wp-content\/uploads\/EmpresasColaboradoras\/Talleres-Puzzle.png\" alt=\"\" width=\"291\" height=\"173\" \/><\/a><\/p>\n<\/td>\n<td style=\"width: 50%; text-align: center;\"><a href=\"https:\/\/apasantamariadelmar.org\/ApaSMM\/wp-content\/uploads\/EmpresasColaboradoras\/Deportegestion.pdf\" target=\"_blank\" rel=\"noopener\">DG Deportegestion<\/a><br \/>\n<p><a href=\"https:\/\/campamentosdg.com\" rel=\"noopener\"><img loading=\"lazy\" decoding=\"async\" class=\"aligncenter wp-image-1694 size-medium\" src=\"https:\/\/apasantamariadelmar.org\/ApaSMM\/wp-content\/uploads\/EmpresasColaboradoras\/Deportegestion-212x300.jpeg\" alt=\"\" width=\"212\" height=\"300\" srcset=\"https:\/\/apasantamariadelmar.org\/ApaSMM\/wp-content\/uploads\/EmpresasColaboradoras\/Deportegestion-212x300.jpeg 212w, https:\/\/apasantamariadelmar.org\/ApaSMM\/wp-content\/uploads\/EmpresasColaboradoras\/Deportegestion.jpeg 552w\" sizes=\"auto, (max-width: 212px) 100vw, 212px\" \/><\/a><\/p>\n<\/td>\n<\/tr>\n<\/tbody>\n<\/table>\n<p style=\"text-align: justify;\">Nuestro objetivo es ampliar esta cartera de colaboraciones, por lo que estamos abiertos a todo tipo de propuestas y acuerdos voluntarios de colaboraci\u00f3n siempre que supongan ventajas para nuestros asociados. Uno de nuestros objetivos es ayudar al peque\u00f1o y mediano comercio as\u00ed como favorecer, como no pod\u00eda ser de otra manera, a todos los socios del APA. Las puertas de esta asociaci\u00f3n est\u00e1n abiertas para todos aquellos que quieran colaborar con nosotros. S\u00f3lo es necesario que nos env\u00edes un correo a <a href=\"mailto:tesoreria@apasantamariadelmar.org\">tesoreria@apasantamariadelmar.org<\/a> y nos pondremos en contacto contigo.\u00a0<br \/><br \/><\/p>\n","protected":false},"excerpt":{"rendered":"<p>Desde el APA del Colegio Santa Mar\u00eda del Mar estamos trabajando para establecer acuerdos con diferentes empresas para que todas las familias asociadas al APA puedan, si as\u00ed lo desean, beneficiarse de ventajas al contratar sus servicios. Para adherirse a una oferta solo hay que mostrar el justificante del pago de la cuota del APA. <a href=\"https:\/\/apasantamariadelmar.org\/ApaSMM\/empresas-colaboradoras\/\" class=\"more-link\">...contin\u00faa leyendo<span class=\"screen-reader-text\"> \"Empresas colaboradoras\"<\/span><\/a><\/p>\n","protected":false},"author":1,"featured_media":0,"parent":0,"menu_order":0,"comment_status":"closed","ping_status":"closed","template":"","meta":{"jetpack_post_was_ever_published":false,"footnotes":""},"class_list":["post-1505","page","type-page","status-publish","h-entry","hentry","h-as-page"],"jetpack_sharing_enabled":true,"post_mailing_queue_ids":[],"_links":{"self":[{"href":"https:\/\/apasantamariadelmar.org\/ApaSMM\/wp-json\/wp\/v2\/pages\/1505","targetHints":{"allow":["GET"]}}],"collection":[{"href":"https:\/\/apasantamariadelmar.org\/ApaSMM\/wp-json\/wp\/v2\/pages"}],"about":[{"href":"https:\/\/apasantamariadelmar.org\/ApaSMM\/wp-json\/wp\/v2\/types\/page"}],"author":[{"embeddable":true,"href":"https:\/\/apasantamariadelmar.org\/ApaSMM\/wp-json\/wp\/v2\/users\/1"}],"replies":[{"embeddable":true,"href":"https:\/\/apasantamariadelmar.org\/ApaSMM\/wp-json\/wp\/v2\/comments?post=1505"}],"version-history":[{"count":29,"href":"https:\/\/apasantamariadelmar.org\/ApaSMM\/wp-json\/wp\/v2\/pages\/1505\/revisions"}],"predecessor-version":[{"id":1749,"href":"https:\/\/apasantamariadelmar.org\/ApaSMM\/wp-json\/wp\/v2\/pages\/1505\/revisions\/1749"}],"wp:attachment":[{"href":"https:\/\/apasantamariadelmar.org\/ApaSMM\/wp-json\/wp\/v2\/media?parent=1505"}],"curies":[{"name":"wp","href":"https:\/\/api.w.org\/{rel}","templated":true}]}}