{"id":497,"date":"2017-10-24T10:11:06","date_gmt":"2017-10-24T08:11:06","guid":{"rendered":"https:\/\/apasantamariadelmar.org\/ApaSMM\/?page_id=497"},"modified":"2024-10-11T10:34:07","modified_gmt":"2024-10-11T08:34:07","slug":"mercadillo-solidario","status":"publish","type":"page","link":"https:\/\/apasantamariadelmar.org\/ApaSMM\/comisiones-de-trabajo\/mercadillo-solidario\/","title":{"rendered":"Mercadillo Solidario"},"content":{"rendered":"<h4>Descripci\u00f3n<\/h4>\n<p style=\"text-align: justify;\">El APA organiza, en colaboraci\u00f3n con el colegio, el mercadillo solidario que se viene celebrando cada a\u00f1o el d\u00eda de la Merienda Solidaria.<\/p>\n<p style=\"text-align: justify;\">El prop\u00f3sito de este mercadillo es reutilizar todo ese material escolar\u2014uniformes, libros de texto y libros en general\u2014al que ya no le vamos a dar uso, pero que todav\u00eda est\u00e1 en buen estado, para que otras familias puedan seguir utiliz\u00e1ndolo y, con las donaciones recibidas, colaborar con <a href=\"https:\/\/www.entreculturas.org\/es\/persoas-refuxiadas-Coruna\" target=\"_blank\" rel=\"noopener noreferrer\">\u00e9ste proyecto<\/a> de la ONG Jesuita para la educaci\u00f3n y el desarrollo <a href=\"http:\/\/www.entreculturas.org\/\" target=\"_blank\" rel=\"noopener noreferrer\">ENTRECULTURAS<\/a>.<\/p>\n<p>Entre sus principales funciones destaca:<\/p>\n<ul>\n<li>Recoger, custodiar y organizar todo el material donado por los padres para la celebraci\u00f3n del mercadillo.<\/li>\n<li style=\"text-align: justify;\">Siempre que haya material suficiente, celebrar tres mercadillos por a\u00f1o: uno al principio del curso acad\u00e9mico (normalmente en septiembre), otro en la merienda solidaria (mediados del curso) y otro al final (t\u00edpicamente a finales de junio).<\/li>\n<\/ul>\n<h4><\/h4>\n<p>Si quieres participar o hacer propuestas a esta comisi\u00f3n puedes hacerlo enviando un correo electr\u00f3nico a <a href=\"mailto:mercadillo@apasantamariadelmar.org\">apa@apasantamariadelmar.org<\/a>.<\/p>\n","protected":false},"excerpt":{"rendered":"<p>Descripci\u00f3n El APA organiza, en colaboraci\u00f3n con el colegio, el mercadillo solidario que se viene celebrando cada a\u00f1o el d\u00eda de la Merienda Solidaria. El prop\u00f3sito de este mercadillo es reutilizar todo ese material escolar\u2014uniformes, libros de texto y libros en general\u2014al que ya no le vamos a dar uso, pero que todav\u00eda est\u00e1 en <a href=\"https:\/\/apasantamariadelmar.org\/ApaSMM\/comisiones-de-trabajo\/mercadillo-solidario\/\" class=\"more-link\">...contin\u00faa leyendo<span class=\"screen-reader-text\"> \"Mercadillo Solidario\"<\/span><\/a><\/p>\n","protected":false},"author":1,"featured_media":0,"parent":148,"menu_order":0,"comment_status":"closed","ping_status":"closed","template":"","meta":{"jetpack_post_was_ever_published":false,"footnotes":""},"class_list":["post-497","page","type-page","status-publish","h-entry","hentry","h-as-page"],"jetpack_sharing_enabled":true,"post_mailing_queue_ids":[],"_links":{"self":[{"href":"https:\/\/apasantamariadelmar.org\/ApaSMM\/wp-json\/wp\/v2\/pages\/497","targetHints":{"allow":["GET"]}}],"collection":[{"href":"https:\/\/apasantamariadelmar.org\/ApaSMM\/wp-json\/wp\/v2\/pages"}],"about":[{"href":"https:\/\/apasantamariadelmar.org\/ApaSMM\/wp-json\/wp\/v2\/types\/page"}],"author":[{"embeddable":true,"href":"https:\/\/apasantamariadelmar.org\/ApaSMM\/wp-json\/wp\/v2\/users\/1"}],"replies":[{"embeddable":true,"href":"https:\/\/apasantamariadelmar.org\/ApaSMM\/wp-json\/wp\/v2\/comments?post=497"}],"version-history":[{"count":16,"href":"https:\/\/apasantamariadelmar.org\/ApaSMM\/wp-json\/wp\/v2\/pages\/497\/revisions"}],"predecessor-version":[{"id":1958,"href":"https:\/\/apasantamariadelmar.org\/ApaSMM\/wp-json\/wp\/v2\/pages\/497\/revisions\/1958"}],"up":[{"embeddable":true,"href":"https:\/\/apasantamariadelmar.org\/ApaSMM\/wp-json\/wp\/v2\/pages\/148"}],"wp:attachment":[{"href":"https:\/\/apasantamariadelmar.org\/ApaSMM\/wp-json\/wp\/v2\/media?parent=497"}],"curies":[{"name":"wp","href":"https:\/\/api.w.org\/{rel}","templated":true}]}}