{"id":612,"date":"2018-07-03T13:31:16","date_gmt":"2018-07-03T11:31:16","guid":{"rendered":"https:\/\/apasantamariadelmar.org\/ApaSMM\/?page_id=612"},"modified":"2018-07-04T20:39:09","modified_gmt":"2018-07-04T18:39:09","slug":"colaboraciones-del-apa-en-el-curso-academico-2016-17","status":"publish","type":"page","link":"https:\/\/apasantamariadelmar.org\/ApaSMM\/colaboraciones\/colaboraciones-del-apa-en-el-curso-academico-2016-17\/","title":{"rendered":"Colaboraciones del APA en el Curso Acad\u00e9mico 2016\/17"},"content":{"rendered":"<p style=\"text-align: justify;\">A lo largo del curso acad\u00e9mico 2016\/17, el APA ha colaborado con el colegio en las siguientes iniciativas:<\/p>\n<h5 style=\"text-align: justify;\">Mejora de instalaciones<\/h5>\n<p style=\"text-align: justify;\">Se han subvencionado parte de las siguientes mejoras que esperamos redunden en el beneficio colectivo de todos los alumnos del centro:<\/p>\n<ul style=\"text-align: justify;\">\n<li>Instalaci\u00f3n de taquillas para alumnos.<\/li>\n<li>Equipamiento did\u00e1ctico (iPads) de repuesto para el correcto desarrollo de las clases ante cualquier imprevisto.<\/li>\n<li>Sustituci\u00f3n de telones para el pabell\u00f3n.<\/li>\n<\/ul>\n<h5>Actividades deportivas<\/h5>\n<p style=\"text-align: justify;\">Desde el APA se ha colaborado econ\u00f3micamente con el club deportivo del colegio. Concretamente, se han realizado aportaciones para la adquisici\u00f3n de nuevo equipamiento deportivo y para el desplazamiento en autob\u00fas a diferentes competiciones.<\/p>\n<h5 style=\"text-align: justify;\">Camino de Santiago<\/h5>\n<p style=\"text-align: justify;\">Esta actividad, que se desarrolla de forma anual desde el curso 2008\/09, tiene como prop\u00f3sito disfrutar en familia de la magia del Camino de Santiago, resultando en una gran experiencia de encuentro con la naturaleza y de actividad espiritual fuera de nuestra vida cotidiana.<\/p>\n<h5 style=\"text-align: justify;\">Fiestas colegiales<\/h5>\n<p style=\"text-align: justify;\">Fiesta final de curso celebrada a principios de mayo en la que se organizaron actividades para todas las edades y miembros de la comunidad educativa (personal del centro, alumnos y padres). As\u00ed, y entre otras actividades, se cont\u00f3 con servicio de ludoteca infantil, roc\u00f3dromo de escalada, circuito de trickers, hinchables, taller de ciencia divertida, campeonatos deportivos, chocolatada, etc.<\/p>\n<h5 style=\"text-align: justify;\">Mercadillo solidario<\/h5>\n<p style=\"text-align: justify;\">A lo largo de este curso acad\u00e9mico se organizaron un total de tres mercadillos solidarios: en septiembre, en febrero y en junio. Todo el dinero obtenido se destin\u00f3 \u00edntegramente a la Ong Jesuita para la educaci\u00f3n y el desarrollo <a href=\"http:\/\/www.entreculturas.org\" target=\"_blank\" rel=\"noopener noreferrer\">ENTRECULTURAS<\/a>.<\/p>\n","protected":false},"excerpt":{"rendered":"<p>A lo largo del curso acad\u00e9mico 2016\/17, el APA ha colaborado con el colegio en las siguientes iniciativas: Mejora de instalaciones Se han subvencionado parte de las siguientes mejoras que esperamos redunden en el beneficio colectivo de todos los alumnos del centro: Instalaci\u00f3n de taquillas para alumnos. Equipamiento did\u00e1ctico (iPads) de repuesto para el correcto <a href=\"https:\/\/apasantamariadelmar.org\/ApaSMM\/colaboraciones\/colaboraciones-del-apa-en-el-curso-academico-2016-17\/\" class=\"more-link\">...contin\u00faa leyendo<span class=\"screen-reader-text\"> \"Colaboraciones del APA en el Curso Acad\u00e9mico 2016\/17\"<\/span><\/a><\/p>\n","protected":false},"author":1,"featured_media":0,"parent":142,"menu_order":0,"comment_status":"closed","ping_status":"closed","template":"","meta":{"jetpack_post_was_ever_published":false,"footnotes":""},"class_list":["post-612","page","type-page","status-publish","h-entry","hentry","h-as-page"],"jetpack_sharing_enabled":true,"post_mailing_queue_ids":[],"_links":{"self":[{"href":"https:\/\/apasantamariadelmar.org\/ApaSMM\/wp-json\/wp\/v2\/pages\/612","targetHints":{"allow":["GET"]}}],"collection":[{"href":"https:\/\/apasantamariadelmar.org\/ApaSMM\/wp-json\/wp\/v2\/pages"}],"about":[{"href":"https:\/\/apasantamariadelmar.org\/ApaSMM\/wp-json\/wp\/v2\/types\/page"}],"author":[{"embeddable":true,"href":"https:\/\/apasantamariadelmar.org\/ApaSMM\/wp-json\/wp\/v2\/users\/1"}],"replies":[{"embeddable":true,"href":"https:\/\/apasantamariadelmar.org\/ApaSMM\/wp-json\/wp\/v2\/comments?post=612"}],"version-history":[{"count":21,"href":"https:\/\/apasantamariadelmar.org\/ApaSMM\/wp-json\/wp\/v2\/pages\/612\/revisions"}],"predecessor-version":[{"id":673,"href":"https:\/\/apasantamariadelmar.org\/ApaSMM\/wp-json\/wp\/v2\/pages\/612\/revisions\/673"}],"up":[{"embeddable":true,"href":"https:\/\/apasantamariadelmar.org\/ApaSMM\/wp-json\/wp\/v2\/pages\/142"}],"wp:attachment":[{"href":"https:\/\/apasantamariadelmar.org\/ApaSMM\/wp-json\/wp\/v2\/media?parent=612"}],"curies":[{"name":"wp","href":"https:\/\/api.w.org\/{rel}","templated":true}]}}