{"id":946,"date":"2019-03-01T14:14:50","date_gmt":"2019-03-01T12:14:50","guid":{"rendered":"https:\/\/apasantamariadelmar.org\/ApaSMM\/?page_id=946"},"modified":"2022-06-21T09:33:09","modified_gmt":"2022-06-21T07:33:09","slug":"politica-de-privacidad","status":"publish","type":"page","link":"https:\/\/apasantamariadelmar.org\/ApaSMM\/politica-de-privacidad\/","title":{"rendered":"Pol\u00edtica de privacidad"},"content":{"rendered":"\n<h2 class=\"wp-block-heading\">1. Datos del responsable del tratamiento de los datos<\/h2>\n\n\n\n<ul class=\"wp-block-list\"><li>Nombre entidad: APA SANTA M\u00aa DEL MAR <\/li><li>Direcci\u00f3n: Avda del pasaje, 69, 15006, A Coru\u00f1a. <\/li><li>Tel\u00e9fono: 981.28.30.00 <\/li><li>Correo electr\u00f3nico: apa@apasantamariadelmar.org<\/li><\/ul>\n\n\n\n<h2 class=\"wp-block-heading\">2. Tratamiento de datos recabados a trav\u00e9s de la p\u00e1gina web<\/h2>\n\n\n<p>Los datos que <strong>APA SANTA M\u00aa DEL MAR<\/strong> pueda recopilar por el uso, navegaci\u00f3n de la p\u00e1gina web, a trav\u00e9s de nuestros formularios, v\u00eda email o con motivo de la relaci\u00f3n contractual que le une con <strong>APA SANTA M\u00aa DEL MAR<\/strong> son datos de car\u00e1cter personal. En algunas ocasiones, le informamos de que por el simple uso y navegaci\u00f3n en nuestra P\u00e1gina web, <strong>APA SANTA M\u00aa DEL MAR<\/strong> almacenar\u00e1 datos relativos a:<\/p>\n<ul>\n<li>Direcci\u00f3n IP<\/li>\n<li>Versi\u00f3n del navegador<\/li>\n<li>Sistema operativo<\/li>\n<li>Duraci\u00f3n de la visita o navegaci\u00f3n por la P\u00e1gina web<\/li>\n<\/ul>\n<p style=\"text-align: justify;\">Tal informaci\u00f3n puede almacenarse mediante <em>Google Analytics<\/em>, por lo que nos remitimos a la Pol\u00edtica de Privacidad de Google, ya que \u00e9ste recaba y trata tal informaci\u00f3n.<\/p>\n<p style=\"text-align: justify;\"><strong>APA SANTA M\u00aa DEL MAR<\/strong> se reserva el derecho a modificar o adaptar la presente Pol\u00edtica de Privacidad en todo momento. Por lo tanto, le recomendamos que revise la misma cada vez que acceda a la P\u00e1gina Web. En el supuesto de que usuario se haya registrado en la p\u00e1gina web y acceda a su cuenta o perfil, al acceder a la misma, se le informar\u00e1 en el supuesto de que haya habido modificaciones sustanciales en relaci\u00f3n con el tratamiento de sus datos personales.<\/p>\n<h3 style=\"text-align: justify;\">1. Informaci\u00f3n facilitada a trav\u00e9s de los correos electr\u00f3nicos puestos a disposici\u00f3n en la web.<\/h3>\n<ol style=\"list-style-type: lower-alpha;\">\n<li style=\"text-align: justify;\"><span style=\"text-decoration: underline;\">Finalidad.<\/span> Darle contestaci\u00f3n a su solicitud de informaci\u00f3n.<\/li>\n<li style=\"text-align: justify;\"><span style=\"text-decoration: underline;\">Legitimaci\u00f3n<\/span>. El consentimiento otorgado por usted en el momento que nos env\u00eda la solicitud v\u00eda email.<\/li>\n<li style=\"text-align: justify;\"><span style=\"text-decoration: underline;\">Destinatarios<\/span>. No se ceder\u00e1n datos a terceros, salvo que la cesi\u00f3n sea l\u00edcita conforme a lo establecido en el Reglamento Europeo de Protecci\u00f3n de Datos y la normativa espa\u00f1ola vigente.<\/li>\n<\/ol>\n<h3 style=\"text-align: justify;\">2. Env\u00edo y suscripci\u00f3n de Bolet\u00edn de noticias.<\/h3>\n<ol style=\"list-style-type: lower-alpha;\">\n<li style=\"text-align: justify;\"><span style=\"text-decoration: underline;\">Finalidad<\/span>. Gestionar el env\u00edo de la Newsletter o Bolet\u00edn de noticias de <strong>APA SANTA M\u00aaDEL MAR<\/strong> a los usuarios que se suscriban a los mismos.<\/li>\n<li style=\"text-align: justify;\"><span style=\"text-decoration: underline;\">Legitimaci\u00f3n<\/span>. El consentimiento de los interesados que se suscriban en este servicio marcando la casilla destinada a tal efecto.<\/li>\n<li style=\"text-align: justify;\"><span style=\"text-decoration: underline;\">Destinatarios<\/span>. No se ceder\u00e1n datos a terceros, salvo que la cesi\u00f3n sea l\u00edcita conforme a lo establecido en el Reglamento Europeo de Protecci\u00f3n de Datos y la normativa espa\u00f1ola vigente.<\/li>\n<\/ol>\n\n\n<h2 class=\"wp-block-heading\">3. Otros tratamientos de datos<\/h2>\n\n\n<h3 style=\"text-align: justify;\">1. Exclusivo para contactos profesionales.<\/h3>\n<ol style=\"list-style-type: lower-alpha;\">\n<li style=\"text-align: justify;\"><span style=\"text-decoration: underline;\">Finalidad<\/span>. En <strong>APA SANTA M\u00aa DEL MAR<\/strong> tratamos sus datos personales con la finalidad de mantener la relaci\u00f3n profesional que entre ambos tenemos.<\/li>\n<li style=\"text-align: justify;\"><span style=\"text-decoration: underline;\">Legitimaci\u00f3n<\/span>. El inter\u00e9s leg\u00edtimo.<\/li>\n<li style=\"text-align: justify;\"><span style=\"text-decoration: underline;\">Destinatarios<\/span>. No se ceder\u00e1n datos a terceros, salvo que la cesi\u00f3n sea l\u00edcita conforme a lo establecido en el Reglamento Europeo de Protecci\u00f3n de Datos y la normativa espa\u00f1ola vigente.<\/li>\n<\/ol>\n<h3 style=\"text-align: justify;\">2. Exclusivo para contactos Redes sociales.<\/h3>\n<ol style=\"list-style-type: lower-alpha;\">\n<li style=\"text-align: justify;\"><span style=\"text-decoration: underline;\">Finalidad<\/span>. En <strong>APA SANTA M\u00aa DEL MAR<\/strong> tratamos sus datos personales con las siguientes finalidades:<br \/>\u2014 Contestar a consultas, solicitudes o peticiones.<br \/>\u2014 Gestionar el servicio solicitado, contestar a la solicitud, o tramitar una petici\u00f3n.<br \/>\u2014 Establecer una relaci\u00f3n usuario-responsable, y crear una comunidad de seguidores.<\/li>\n<li style=\"text-align: justify;\"><span style=\"text-decoration: underline;\">Legitimaci\u00f3n<\/span>. El inter\u00e9s leg\u00edtimo del responsable del tratamiento, as\u00ed como la aceptaci\u00f3n de una relaci\u00f3n contractual en el entorno de la red social que corresponda.<\/li>\n<li style=\"text-align: justify;\"><span style=\"text-decoration: underline;\">Destinatarios<\/span>. No se ceder\u00e1n datos a terceros, salvo que la cesi\u00f3n sea l\u00edcita conforme a lo establecido en el Reglamento Europeo de Protecci\u00f3n de Datos y la normativa espa\u00f1ola vigente. No obstante, recomendamos la revisi\u00f3n de la pol\u00edtica de privacidad de las redes sociales que principalmente utilizamos ya que las redes sociales, al ser norteamericanas, pueden transferir datos a Estados Unidos.<\/li>\n<\/ol>\n<h3 style=\"text-align: justify;\">3. Exclusivo para Socios.<\/h3>\n<ol style=\"list-style-type: lower-alpha;\">\n<li style=\"text-align: justify;\"><span style=\"text-decoration: underline;\">Finalidad<\/span>.<br \/>\u2014 Vamos a tratar sus datos personales con la finalidad de gestionar y mantener la relaci\u00f3n interna existente entre <strong>APA SANTA M\u00aa DEL MAR<\/strong> y el socio.<br \/>\u2014 Realizar el env\u00edo de informaciones acerca del <strong>APA SANTA M\u00aa DEL MAR<\/strong>.<br \/>\u2014 En el caso de que el socio sea beneficiario del seguro de vida que oferta el <strong>APA SANTA M\u00aa DEL MAR<\/strong> a sus socios, vamos a tratar sus datos con la finalidad de gestionar la relaci\u00f3n entre aseguradora y socio.<\/li>\n<li style=\"text-align: justify;\"><span style=\"text-decoration: underline;\">Legitimaci\u00f3n<\/span>. Ejecuci\u00f3n de la relaci\u00f3n como socio. Consentimiento del interesado: Publicaci\u00f3n de su nombre e imagen y otras informaciones, relacionadas con la actividad de <strong>APA SANTA M\u00aa DEL MAR<\/strong> en redes sociales y p\u00e1gina web.<\/li>\n<li style=\"text-align: justify;\"><span style=\"text-decoration: underline;\">Destinatarios<\/span>. No se ceder\u00e1n datos a terceros, salvo que la cesi\u00f3n sea l\u00edcita conforme a lo establecido en el Reglamento Europeo de Protecci\u00f3n de Datos y la normativa espa\u00f1ola vigente.<br \/>\u2014 En el supuesto de que nos haya dado su consentimiento para el tratamiento de su nombre e im\u00e1genes y otras informaciones, relacionadas con la actividad de <strong>APA SANTA M\u00aa DEL MAR<\/strong>, se divulgar\u00e1n en las diferentes redes sociales y p\u00e1gina web de <strong>APA SANTA M\u00aa DEL MAR<\/strong>. A tal efecto, recomendamos la revisi\u00f3n de la pol\u00edtica de privacidad de las redes sociales principalmente utilizadas por <strong>APA SANTA M\u00aa DEL MAR: Twitter, Facebook, Instagram y YouTube<\/strong>. Las redes sociales, al ser norteamericanas, pueden transferir datos a Estados Unidos por lo que le recomendamos conocer sus respectivas pol\u00edticas de privacidad.<br \/>\u2014 En el supuesto de que el socio sea beneficiario del Seguro de Vida, sus datos se tendr\u00e1n que comunicar por parte del <strong>APA SANTA M\u00aa DEL MAR<\/strong> a la empresa encargada de dicho Seguro, para que pueda llevar a cabo la correspondiente gesti\u00f3n.<\/li>\n<\/ol>\n<h3 style=\"text-align: justify;\">4. Exclusivo para Facturas.<\/h3>\n<ol style=\"list-style-type: lower-alpha;\">\n<li style=\"text-align: justify;\"><span style=\"text-decoration: underline;\">Finalidad<\/span>. En <strong>APA SANTA M\u00aa DEL MAR<\/strong> tratamos sus datos personales con la finalidad de gestionar los servicios derivados de la relaci\u00f3n contractual, as\u00ed como los compromisos derivados del contrato.<\/li>\n<li style=\"text-align: justify;\"><span style=\"text-decoration: underline;\">Legitimaci\u00f3n<\/span>. La legitimaci\u00f3n para el tratamiento de sus datos es la ejecuci\u00f3n de un contrato de prestaci\u00f3n de servicios y en cumplimiento de las siguientes obligaciones legales que nos apliquen:<br \/>\u2014 Los plazos de conservaci\u00f3n de sus datos una vez finalizada la relaci\u00f3n contractual se basa en el cumplimiento de lo establecido en el C\u00f3digo de Comercio.<br \/>\u2014 Comunicaci\u00f3n de sus datos cuando as\u00ed lo solicite la Inspecci\u00f3n de Hacienda est\u00e1 amparada por la Ley 58\/2003, de 17 de Diciembre, General Tributaria.<\/li>\n<li style=\"text-align: justify;\"><span style=\"text-decoration: underline;\">Destinatarios<\/span>. Con car\u00e1cter general, no se ceder\u00e1n datos a terceros, salvo obligaci\u00f3n legal. En aquellos casos en que sea necesario, los datos de socios podr\u00e1n ser cedidos a los siguientes organismos, en cumplimiento una obligaci\u00f3n legal:<br \/>\u2014 Se podr\u00e1n ceder a la Agencia Tributaria Espa\u00f1ola aquellos datos necesarios para el cumplimiento de la obligaci\u00f3n legal.<br \/>\u2014 A las entidades bancarias que corresponda, para estar al corriente de pagos.<br \/>\u2014 En el supuesto de que nos sea solicitado, sus datos ser\u00e1n cedidos a la Inspecci\u00f3n de Trabajo.<\/li>\n<\/ol>\n\n\n<h2 class=\"wp-block-heading\">4. Plazos de conservaci\u00f3n<\/h2>\n\n\n<table style=\"border-style: solid; height: 326px;\">\n<tbody>\n<tr style=\"background-color: #000adf;\">\n<td style=\"text-align: center; width: 562px; height: 32px;\" colspan=\"2\"><span style=\"color: #ffffff;\">Tratamiento de datos recabados a trav\u00e9s de la p\u00e1gina web<\/span><\/td>\n<\/tr>\n<tr style=\"height: 119px;\">\n<td style=\"background-color: #000adf; width: 100px; height: 175px;\" scope=\"col\"><span style=\"color: #ffffff;\">Informaci\u00f3n facilitada a trav\u00e9s de los correos electr\u00f3nicos puestos a disposici\u00f3n en la web<\/span><\/td>\n<td style=\"width: 414px; text-align: justify; height: 175px;\">Una vez hayamos dado respuesta a su solicitud de informaci\u00f3n los datos ser\u00e1n guardados un m\u00e1ximo de 6 meses como prueba ante posible ulteriores reclamaciones.<\/td>\n<\/tr>\n<tr style=\"height: 119px;\">\n<td style=\"background-color: #000adf; height: 100px; width: 166px;\"><span style=\"color: #ffffff;\">Env\u00edo y suscripci\u00f3n de Bolet\u00edn de noticias<\/span><\/td>\n<td style=\"width: 414px; text-align: justify; height: 119px;\">Sus datos de car\u00e1cter personal ser\u00e1n conservados hasta que cancele su suscripci\u00f3n a la Newsletter o al Bolet\u00edn de noticias de <strong>APA SANTA M\u00aa DEL MAR<\/strong>.<\/td>\n<\/tr>\n<\/tbody>\n<\/table>\n<table style=\"border-style: solid; height: 823px; width: 100%;\">\n<tbody>\n<tr style=\"background-color: #000adf;\">\n<td style=\"text-align: center; width: 99.0477%; height: 32px;\" colspan=\"2\"><span style=\"color: #ffffff;\">Otros tratamientos de datos<br \/><\/span><\/td>\n<\/tr>\n<tr style=\"height: 119px;\">\n<td style=\"background-color: #000adf; width: 29.1667%; height: 175px;\" scope=\"col\"><span style=\"color: #ffffff;\">Exclusivo para contactos profesionales<\/span><\/td>\n<td style=\"width: 69.881%; text-align: justify; height: 175px;\">Hasta que finalicen nuestras relaciones profesionales o decida cancelar u oponerse al tratamiento de sus datos de contacto.<\/td>\n<\/tr>\n<tr style=\"height: 119px;\">\n<td style=\"background-color: #000adf; height: 119px; width: 29.1667%;\"><span style=\"color: #ffffff;\">Exclusivo para contactos de redes sociales<br \/><\/span><\/td>\n<td style=\"width: 69.881%; text-align: justify; height: 119px;\">Sus datos de car\u00e1cter personal se conservar\u00e1n durante el tiempo necesario para cumplir con la finalidad para la que se recabaron.<\/td>\n<\/tr>\n<tr style=\"height: 234px;\">\n<td style=\"background-color: #000adf; width: 29.1667%; height: 234px;\"><span style=\"color: #ffffff;\">Exclusivo para socios<br \/><\/span><\/td>\n<td style=\"width: 69.881%; text-align: justify; height: 234px;\">Sus datos personales ser\u00e1n conservados mientras dure su condici\u00f3n de socio en <strong>APA SANTA M\u00aa DEL MAR<\/strong>.<br \/>Los datos de car\u00e1cter personal (nombre y cargo) as\u00ed como las im\u00e1genes publicadas en las redes sociales y p\u00e1gina web de APA SANTA M\u00aa DEL MAR se conservar\u00e1n salvo que solicite la supresi\u00f3n de las mismas.<\/td>\n<\/tr>\n<tr style=\"height: 263px;\">\n<td style=\"background-color: #000adf; width: 29.1667%; height: 263px;\"><span style=\"color: #ffffff;\">Exclusivo para facturas<\/span><\/td>\n<td style=\"width: 69.881%; text-align: justify; height: 263px;\">Sus datos de car\u00e1cter personal ser\u00e1n tratados hasta que finalice la relaci\u00f3n contractual. Una vez finalizada la misma, y a efectos mercantiles, sus datos ser\u00e1n conservados por un per\u00edodo de 6 a\u00f1os en cumplimiento de lo indicado en el C\u00f3digo de comercio. A efectos fiscales, sus datos ser\u00e1n conservados por un periodo de 4 a\u00f1os en cumplimiento de lo indicado en la Ley General Tributaria.<\/td>\n<\/tr>\n<\/tbody>\n<\/table>\n\n\n<h2 class=\"wp-block-heading\">5. Transferencias internacionales<\/h2>\n\n\n<p style=\"text-align: justify;\"><strong>APA COLEGIO SANTA M\u00aa DEL MAR<\/strong> no tiene previsto llevar a cabo transferencias internacionales de datos. En aquellos supuestos en los que sea necesario, solo se realizaran a entidades que hayan demostrado que cumplen con el nivel de protecc i\u00f3n y garant\u00edas de acuerdo con los par\u00e1metros y exigencias previstas en la normativa vigente en materia de protecci\u00f3n de datos, como el Reglamento Europeo, o cuando exista una habilitaci\u00f3n legal para realizar la transferencia internacional, como el consent imiento del interesado. En todo caso, se proporcionar\u00e1 la correspondiente informaci\u00f3n al interesado.<\/p>\n\n\n<h2 class=\"wp-block-heading\">6. \u00bfCu\u00e1les son sus derechos en relaci\u00f3n con el tratamiento de datos?<\/h2>\n\n\n<p style=\"text-align: justify;\">Usted como titular de datos tiene derecho a obtener confirmaci\u00f3n sobre la existencia de un tratamiento de sus datos, a acceder a sus datos personales, solicitar la rectificaci\u00f3n de los datos que sean inexactos o, en su caso, solicitar la supresi\u00f3n, cuando entre otros motivos, los datos ya no sean necesarios para los fines para los que fueron recogidos o usted como interesado retire el consentimiento otorgado. <strong>APA SANTA M\u00aa DEL MAR<\/strong> tratar\u00e1 y conservar\u00e1 sus datos de acuerdo con la normativa vigente, sin perjuicio de que como interesado pueda solicitar en todo caso, la limitaci\u00f3n del tratamiento de sus datos. En ciertos supuestos podr\u00e1 ejercitar su derecho a la portabilidad de los datos, que ser\u00e1n entregados en un formato estructurado, de uso com\u00fan o lectura mec\u00e1nica a usted o al nuevo responsable de tratamiento que designe. Tendr\u00e1 derecho a revocar en cualquier momento el consentimiento para cualquiera de los tratamientos para los que lo ha otorgado. Para ejercitar sus derechos comun\u00edquese con nosotros a trav\u00e9s de la direcci\u00f3n de correo electr\u00f3nico <a href=\"mailto:protecciondatos@apasantamariadelmar.org\" target=\"_blank\" rel=\"noopener noreferrer\">protecciondatos@apasantamariadelmar.org<\/a>. Disponemos de formularios para el ejercicio de todos los derechos anteriormente indicados, no obstante, tambi\u00e9n puede utilizar los elaborados por la Agencia Espa\u00f1ola de Protecci\u00f3n de Datos. Tendr\u00e1 derecho a presentar una reclamaci\u00f3n ante la Agencia Espa\u00f1ola de Protecci\u00f3n de Datos en el supuesto de que considere que no se ha atendido convenientemente el ejercicio de sus derechos. El plazo m\u00e1ximo para resolver ser\u00e1 el de un mes a contar desde la recepci\u00f3n de su solicitud. En el caso de producirse alguna modificaci\u00f3n de sus datos, le agradecemos nos lo comunique debidamente por escrito con la finalidad de mantener sus datos actualizados.<\/p>\n<p style=\"text-align: right;\"><em>\u00daltima versi\u00f3n: 14 de enero de 2019.<\/em><\/p>","protected":false},"excerpt":{"rendered":"<p>1. Datos del responsable del tratamiento de los datos Nombre entidad: APA SANTA M\u00aa DEL MAR Direcci\u00f3n: Avda del pasaje, 69, 15006, A Coru\u00f1a. Tel\u00e9fono: 981.28.30.00 Correo electr\u00f3nico: apa@apasantamariadelmar.org 2. Tratamiento de datos recabados a trav\u00e9s de la p\u00e1gina web Los datos que APA SANTA M\u00aa DEL MAR pueda recopilar por el uso, navegaci\u00f3n de <a href=\"https:\/\/apasantamariadelmar.org\/ApaSMM\/politica-de-privacidad\/\" class=\"more-link\">...contin\u00faa leyendo<span class=\"screen-reader-text\"> \"Pol\u00edtica de privacidad\"<\/span><\/a><\/p>\n","protected":false},"author":1,"featured_media":0,"parent":0,"menu_order":0,"comment_status":"closed","ping_status":"closed","template":"","meta":{"jetpack_post_was_ever_published":false,"footnotes":""},"class_list":["post-946","page","type-page","status-publish","h-entry","hentry","h-as-page"],"jetpack_sharing_enabled":true,"post_mailing_queue_ids":[],"_links":{"self":[{"href":"https:\/\/apasantamariadelmar.org\/ApaSMM\/wp-json\/wp\/v2\/pages\/946","targetHints":{"allow":["GET"]}}],"collection":[{"href":"https:\/\/apasantamariadelmar.org\/ApaSMM\/wp-json\/wp\/v2\/pages"}],"about":[{"href":"https:\/\/apasantamariadelmar.org\/ApaSMM\/wp-json\/wp\/v2\/types\/page"}],"author":[{"embeddable":true,"href":"https:\/\/apasantamariadelmar.org\/ApaSMM\/wp-json\/wp\/v2\/users\/1"}],"replies":[{"embeddable":true,"href":"https:\/\/apasantamariadelmar.org\/ApaSMM\/wp-json\/wp\/v2\/comments?post=946"}],"version-history":[{"count":37,"href":"https:\/\/apasantamariadelmar.org\/ApaSMM\/wp-json\/wp\/v2\/pages\/946\/revisions"}],"predecessor-version":[{"id":1716,"href":"https:\/\/apasantamariadelmar.org\/ApaSMM\/wp-json\/wp\/v2\/pages\/946\/revisions\/1716"}],"wp:attachment":[{"href":"https:\/\/apasantamariadelmar.org\/ApaSMM\/wp-json\/wp\/v2\/media?parent=946"}],"curies":[{"name":"wp","href":"https:\/\/api.w.org\/{rel}","templated":true}]}}